{"id":5,"date":"2022-07-08T11:07:50","date_gmt":"2022-07-08T11:07:50","guid":{"rendered":"https:\/\/blockwoche.ch\/?page_id=5"},"modified":"2022-07-12T05:34:56","modified_gmt":"2022-07-12T05:34:56","slug":"blockwoche-mi","status":"publish","type":"page","link":"https:\/\/blockwoche.ch\/","title":{"rendered":"Blockwoche M&#038;I"},"content":{"rendered":"\n<p class=\"has-text-align-center has-text-color\" style=\"color:#2b9f29\"><strong><mark style=\"background-color:rgba(0, 0, 0, 0)\" class=\"has-inline-color has-accent-color\">Die Mechanismen hinter den Medien<\/mark><\/strong><\/p>\n\n\n\n<figure class=\"wp-block-image size-large\"><img loading=\"lazy\" width=\"2560\" height=\"1706\" src=\"https:\/\/blockwoche.ch\/wp-content\/uploads\/2022\/07\/iStock-621587296-edited-scaled.jpg\" alt=\"\" class=\"wp-image-27\" srcset=\"https:\/\/blockwoche.ch\/wp-content\/uploads\/2022\/07\/iStock-621587296-edited-scaled.jpg 2560w, https:\/\/blockwoche.ch\/wp-content\/uploads\/2022\/07\/iStock-621587296-edited-300x200.jpg 300w, https:\/\/blockwoche.ch\/wp-content\/uploads\/2022\/07\/iStock-621587296-edited-1024x682.jpg 1024w, https:\/\/blockwoche.ch\/wp-content\/uploads\/2022\/07\/iStock-621587296-edited-768x512.jpg 768w, https:\/\/blockwoche.ch\/wp-content\/uploads\/2022\/07\/iStock-621587296-edited-1536x1023.jpg 1536w, https:\/\/blockwoche.ch\/wp-content\/uploads\/2022\/07\/iStock-621587296-edited-2048x1365.jpg 2048w, https:\/\/blockwoche.ch\/wp-content\/uploads\/2022\/07\/iStock-621587296-edited-1200x800.jpg 1200w, https:\/\/blockwoche.ch\/wp-content\/uploads\/2022\/07\/iStock-621587296-edited-1980x1319.jpg 1980w\" sizes=\"(max-width: 2560px) 100vw, 2560px\" \/><\/figure>\n\n\n\n<h3>Unsere Themen<\/h3>\n\n\n\n<div class=\"wp-container-3 wp-block-columns\">\n<div class=\"wp-container-1 wp-block-column\">\n<figure class=\"wp-block-image size-full\"><a href=\"https:\/\/blockwoche.ch\/wp-admin\/post.php?post=62&amp;action=edit\"><img loading=\"lazy\" width=\"662\" height=\"554\" src=\"https:\/\/blockwoche.ch\/wp-content\/uploads\/2022\/07\/Painting-Cool.png\" alt=\"\" class=\"wp-image-19\" srcset=\"https:\/\/blockwoche.ch\/wp-content\/uploads\/2022\/07\/Painting-Cool.png 662w, https:\/\/blockwoche.ch\/wp-content\/uploads\/2022\/07\/Painting-Cool-300x251.png 300w\" sizes=\"(max-width: 662px) 100vw, 662px\" \/><\/a><\/figure>\n\n\n\n<h5><a href=\"https:\/\/blockwoche.ch\/?page_id=62\">Was ist neu an neuen Medien?<\/a><\/h5>\n\n\n\n<p class=\"has-normal-font-size\" style=\"font-style:normal;font-weight:500\">Die Welt hat sich grundlegend ver\u00e4ndert&#8230; oder doch nicht? Wir schauen in die Vergangenheit und die <s>Zukunft<\/s> Gegenwart.<\/p>\n<\/div>\n\n\n\n<div class=\"wp-container-2 wp-block-column\">\n<figure class=\"wp-block-image size-full\"><img loading=\"lazy\" width=\"657\" height=\"554\" src=\"https:\/\/blockwoche.ch\/wp-content\/uploads\/2022\/07\/Kim.png\" alt=\"\" class=\"wp-image-20\" srcset=\"https:\/\/blockwoche.ch\/wp-content\/uploads\/2022\/07\/Kim.png 657w, https:\/\/blockwoche.ch\/wp-content\/uploads\/2022\/07\/Kim-300x253.png 300w\" sizes=\"(max-width: 657px) 100vw, 657px\" \/><\/figure>\n\n\n\n<h5><a href=\"https:\/\/blockwoche.ch\/?page_id=68\">Werbung<\/a><\/h5>\n\n\n\n<p class=\"has-normal-font-size\" style=\"font-style:normal;font-weight:500\">Welche Effekte hat personalisierte Werbung im Alltag und wie k\u00f6nnt ihr mit den Sch\u00fclerinnen und Sch\u00fclern an einem realen Beispiel arbeiten? <\/p>\n<\/div>\n<\/div>\n\n\n\n<div class=\"wp-container-6 wp-block-columns\">\n<div class=\"wp-container-4 wp-block-column\">\n<figure class=\"wp-block-image size-full is-resized\"><img loading=\"lazy\" src=\"https:\/\/blockwoche.ch\/wp-content\/uploads\/2022\/07\/Asking.png\" alt=\"\" class=\"wp-image-22\" width=\"284\" height=\"239\" srcset=\"https:\/\/blockwoche.ch\/wp-content\/uploads\/2022\/07\/Asking.png 657w, https:\/\/blockwoche.ch\/wp-content\/uploads\/2022\/07\/Asking-300x253.png 300w\" sizes=\"(max-width: 284px) 100vw, 284px\" \/><\/figure>\n\n\n\n<h5><a href=\"https:\/\/blockwoche.ch\/?page_id=90\" data-type=\"URL\" data-id=\"https:\/\/blockwoche.ch\/?page_id=90\">Erz\u00e4hl doch mal etwas \u00fcber&#8230;<\/a><\/h5>\n\n\n\n<p class=\"has-normal-font-size\" style=\"font-style:normal;font-weight:500\">Zu diesem Thema wollte ich schon immer etwas wissen&#8230; Hier k\u00f6nnt ihr eure unbeantworteten Fragen zum Thema Medien deponieren.<\/p>\n<\/div>\n\n\n\n<div class=\"wp-container-5 wp-block-column\">\n<figure class=\"wp-block-image size-full is-resized\"><img loading=\"lazy\" src=\"https:\/\/blockwoche.ch\/wp-content\/uploads\/2022\/07\/Gaming.png\" alt=\"\" class=\"wp-image-25\" width=\"284\" height=\"239\" srcset=\"https:\/\/blockwoche.ch\/wp-content\/uploads\/2022\/07\/Gaming.png 657w, https:\/\/blockwoche.ch\/wp-content\/uploads\/2022\/07\/Gaming-300x253.png 300w\" sizes=\"(max-width: 284px) 100vw, 284px\" \/><\/figure>\n\n\n\n<h5><a href=\"https:\/\/blockwoche.ch\/?page_id=100\" data-type=\"URL\" data-id=\"https:\/\/blockwoche.ch\/?page_id=100\">Games und was dahinter steckt<\/a><\/h5>\n\n\n\n<p class=\"has-normal-font-size\" style=\"font-style:normal;font-weight:500\">Was haben Schach und Call of Duty gemeinsam? Warum spielen Menschen digitale Games und wie k\u00f6nnen die Mechanismen im Unterricht thematisiert werden?<\/p>\n<\/div>\n<\/div>\n\n\n\n<div class=\"wp-container-9 wp-block-columns\">\n<div class=\"wp-container-7 wp-block-column\">\n<figure class=\"wp-block-image size-full\"><img loading=\"lazy\" width=\"657\" height=\"554\" src=\"https:\/\/blockwoche.ch\/wp-content\/uploads\/2022\/07\/Addiction.png\" alt=\"\" class=\"wp-image-26\" srcset=\"https:\/\/blockwoche.ch\/wp-content\/uploads\/2022\/07\/Addiction.png 657w, https:\/\/blockwoche.ch\/wp-content\/uploads\/2022\/07\/Addiction-300x253.png 300w\" sizes=\"(max-width: 657px) 100vw, 657px\" \/><\/figure>\n\n\n\n<h5><a href=\"https:\/\/blockwoche.ch\/?page_id=105\" data-type=\"URL\" data-id=\"https:\/\/blockwoche.ch\/?page_id=105\">Sucht: Nicht immer eine Frage der Zeit<\/a><\/h5>\n\n\n\n<p class=\"has-normal-font-size\" style=\"font-style:normal;font-weight:500\">Wo ist die Grenze zwischen intensiver Nutzung und Sucht? Ein Selbsttest f\u00fcr die Schule und Alltagsbeispiele zum Aufgreifen im Unterricht.<\/p>\n<\/div>\n\n\n\n<div class=\"wp-container-8 wp-block-column\">\n<figure class=\"wp-block-image size-full is-resized\"><img loading=\"lazy\" src=\"https:\/\/blockwoche.ch\/wp-content\/uploads\/2022\/07\/Recherche.png\" alt=\"\" class=\"wp-image-55\" width=\"284\" height=\"239\" srcset=\"https:\/\/blockwoche.ch\/wp-content\/uploads\/2022\/07\/Recherche.png 657w, https:\/\/blockwoche.ch\/wp-content\/uploads\/2022\/07\/Recherche-300x253.png 300w\" sizes=\"(max-width: 284px) 100vw, 284px\" \/><\/figure>\n\n\n\n<h5><a href=\"https:\/\/blockwoche.ch\/?page_id=107\" data-type=\"URL\" data-id=\"https:\/\/blockwoche.ch\/?page_id=107\">Recherchieren<\/a><\/h5>\n\n\n\n<p class=\"has-normal-font-size\" style=\"font-style:normal;font-weight:500\">Wie kann man die Glaubw\u00fcrdigkeit von Inhalten beurteilen? Tipps zum Erstellen eurer eigenen Recherche-Aufgaben.<\/p>\n<\/div>\n<\/div>\n\n\n\n<div class=\"wp-container-12 wp-block-columns\">\n<div class=\"wp-container-10 wp-block-column\">\n<figure class=\"wp-block-image size-full\"><img loading=\"lazy\" width=\"657\" height=\"553\" src=\"https:\/\/blockwoche.ch\/wp-content\/uploads\/2022\/07\/Bye.png\" alt=\"\" class=\"wp-image-58\" srcset=\"https:\/\/blockwoche.ch\/wp-content\/uploads\/2022\/07\/Bye.png 657w, https:\/\/blockwoche.ch\/wp-content\/uploads\/2022\/07\/Bye-300x253.png 300w\" sizes=\"(max-width: 657px) 100vw, 657px\" \/><\/figure>\n\n\n\n<h5><a href=\"https:\/\/blockwoche.ch\/?page_id=109\" data-type=\"URL\" data-id=\"https:\/\/blockwoche.ch\/?page_id=109\">Offene Fragen und Abschluss<\/a><\/h5>\n\n\n\n<p class=\"has-normal-font-size\" style=\"font-style:normal;font-weight:500\">Antworten auf eure offenen Fragen und Kursabschluss<\/p>\n<\/div>\n\n\n\n<div class=\"wp-container-11 wp-block-column\"><\/div>\n<\/div>\n\n\n\n<h2>Zeitplan<\/h2>\n\n\n\n<figure class=\"wp-block-table\"><table><tbody><tr><td>9:00 &#8211; 10:00<\/td><td>Was ist neu an neuen Medien?<\/td><\/tr><tr><td>10:00 &#8211; 10:30<\/td><td>Workshop Werbung, Input Datenschutz<\/td><\/tr><tr><td>10:30 &#8211; 11:00<\/td><td>Pause<\/td><\/tr><tr><td>11:00 &#8211; 11:30<\/td><td>Selber Werbung personalisieren<\/td><\/tr><tr><td>11:30 &#8211; 11:45<\/td><td>Offene Fragen sammeln<\/td><\/tr><tr><td>11:45 &#8211; 12:45<\/td><td>Mittagessen<\/td><\/tr><tr><td>12:45 &#8211; 13:30<\/td><td>Input Games<\/td><\/tr><tr><td>13:30 &#8211; 14:00<\/td><td>Unterrichtsidee Games<\/td><\/tr><tr><td>14:00 &#8211; 14:30<\/td><td>Sucht<\/td><\/tr><tr><td>14:30 &#8211; 15:00<\/td><td>Pause<\/td><\/tr><tr><td>15:00 &#8211; 15:45<\/td><td>Recherchieren<\/td><\/tr><tr><td>15:45 &#8211; 16:00<\/td><td>Abschluss<\/td><\/tr><\/tbody><\/table><\/figure>\n","protected":false},"excerpt":{"rendered":"<p>Die Mechanismen hinter den Medien Unsere Themen Was ist neu an neuen Medien? Die Welt hat sich grundlegend ver\u00e4ndert&#8230; oder doch nicht? Wir schauen in die Vergangenheit und die Zukunft Gegenwart. Werbung Welche Effekte hat personalisierte Werbung im Alltag und wie k\u00f6nnt ihr mit den Sch\u00fclerinnen und Sch\u00fclern an einem realen Beispiel arbeiten? Erz\u00e4hl doch [&hellip;]<\/p>\n","protected":false},"author":1,"featured_media":0,"parent":0,"menu_order":0,"comment_status":"closed","ping_status":"closed","template":"","meta":[],"_links":{"self":[{"href":"https:\/\/blockwoche.ch\/index.php?rest_route=\/wp\/v2\/pages\/5"}],"collection":[{"href":"https:\/\/blockwoche.ch\/index.php?rest_route=\/wp\/v2\/pages"}],"about":[{"href":"https:\/\/blockwoche.ch\/index.php?rest_route=\/wp\/v2\/types\/page"}],"author":[{"embeddable":true,"href":"https:\/\/blockwoche.ch\/index.php?rest_route=\/wp\/v2\/users\/1"}],"replies":[{"embeddable":true,"href":"https:\/\/blockwoche.ch\/index.php?rest_route=%2Fwp%2Fv2%2Fcomments&post=5"}],"version-history":[{"count":27,"href":"https:\/\/blockwoche.ch\/index.php?rest_route=\/wp\/v2\/pages\/5\/revisions"}],"predecessor-version":[{"id":169,"href":"https:\/\/blockwoche.ch\/index.php?rest_route=\/wp\/v2\/pages\/5\/revisions\/169"}],"wp:attachment":[{"href":"https:\/\/blockwoche.ch\/index.php?rest_route=%2Fwp%2Fv2%2Fmedia&parent=5"}],"curies":[{"name":"wp","href":"https:\/\/api.w.org\/{rel}","templated":true}]}}